{"id":337,"date":"2019-07-08T10:44:29","date_gmt":"2019-07-08T08:44:29","guid":{"rendered":"http:\/\/www.paintball-bretagne.com\/?page_id=337"},"modified":"2021-08-22T11:58:27","modified_gmt":"2021-08-22T09:58:27","slug":"devenir-membre","status":"publish","type":"page","link":"https:\/\/www.paintball-bretagne.com\/index.php\/devenir-membre\/","title":{"rendered":"Devenir membre"},"content":{"rendered":"<p>&nbsp;<\/p>\r\n<p>Rejoignez-nous dans l&rsquo;association en temps que membre pour b\u00e9n\u00e9ficier de tarifs r\u00e9duits sur la bille et acc\u00e8s illimit\u00e9 aux terrains.<\/p>\r\n<p>pour cela rien de plus simple :<\/p>\r\n<p>REPLISSEZ CE FORMULAIRE&nbsp; <a href=\"https:\/\/www.paintball-bretagne.com\/wp-content\/uploads\/2021\/08\/Dossier-inscription2021-2022.odt\">Dossier inscription2021-2022<\/a><\/p>\r\n<p>la cotisation annuel est de 50\u20ac et seule les billes seront a votre charge : 35\u20ac le carton de 2000 billes&nbsp;<\/p>\r\n<p>option : licence f\u00e9d\u00e9ration 25\u20ac&nbsp; qui vous fourni une assurance sur tout les terrains de Paintball l\u00e9gal ou 60\u20ac licence comp\u00e9tition si vous souhaitez int\u00e9gr\u00e9 notre \u00e9quipe r\u00e9sidente : les Deadball&nbsp;<\/p>\r\n<p>les membres du club Paintball Louargat ont :<\/p>\r\n<ul>\r\n<li>-acc\u00e8s aux terrains illimit\u00e9.<\/li>\r\n<li>-air illimit\u00e9.&nbsp;<\/li>\r\n<li>-pr\u00eat de mat\u00e9riels (le temps d\u2019acqu\u00e9rir le votre)&nbsp;<\/li>\r\n<li>-r\u00e9duction sur les billes&nbsp;<\/li>\r\n<li>-entr\u00e9e gratuite sur les \u00e9ventements du club(nocturne et big games)&nbsp;<\/li>\r\n<li>&#8211;<img loading=\"lazy\" decoding=\"async\" class=\"alignnone size-medium wp-image-2654\" src=\"https:\/\/www.paintball-bretagne.com\/wp-content\/uploads\/2020\/09\/DSCN0300-300x225.jpg\" alt=\"\" width=\"300\" height=\"225\" srcset=\"https:\/\/www.paintball-bretagne.com\/wp-content\/uploads\/2020\/09\/DSCN0300-300x225.jpg 300w, https:\/\/www.paintball-bretagne.com\/wp-content\/uploads\/2020\/09\/DSCN0300-1024x768.jpg 1024w, https:\/\/www.paintball-bretagne.com\/wp-content\/uploads\/2020\/09\/DSCN0300-768x576.jpg 768w, https:\/\/www.paintball-bretagne.com\/wp-content\/uploads\/2020\/09\/DSCN0300-1536x1152.jpg 1536w, https:\/\/www.paintball-bretagne.com\/wp-content\/uploads\/2020\/09\/DSCN0300-2048x1536.jpg 2048w, https:\/\/www.paintball-bretagne.com\/wp-content\/uploads\/2020\/09\/DSCN0300-600x450.jpg 600w\" sizes=\"auto, (max-width: 300px) 100vw, 300px\" \/><\/li>\r\n<li>&nbsp;<\/li>\r\n<li><img loading=\"lazy\" decoding=\"async\" class=\"wp-image-78 aligncenter\" src=\"https:\/\/www.paintball-bretagne.com\/wp-content\/uploads\/2018\/11\/46659762_1139324756243000_8449415988062978048_n-300x225.jpg\" alt=\"\" width=\"409\" height=\"307\" srcset=\"https:\/\/www.paintball-bretagne.com\/wp-content\/uploads\/2018\/11\/46659762_1139324756243000_8449415988062978048_n-300x225.jpg 300w, https:\/\/www.paintball-bretagne.com\/wp-content\/uploads\/2018\/11\/46659762_1139324756243000_8449415988062978048_n-600x450.jpg 600w, https:\/\/www.paintball-bretagne.com\/wp-content\/uploads\/2018\/11\/46659762_1139324756243000_8449415988062978048_n-768x576.jpg 768w, https:\/\/www.paintball-bretagne.com\/wp-content\/uploads\/2018\/11\/46659762_1139324756243000_8449415988062978048_n.jpg 960w\" sizes=\"auto, (max-width: 409px) 100vw, 409px\" \/><\/li>\r\n<\/ul>\r\n","protected":false},"excerpt":{"rendered":"<p class=\"excerpt\">&nbsp; Rejoignez-nous dans l&rsquo;association en temps que membre pour b\u00e9n\u00e9ficier de tarifs r\u00e9duits sur la bille et acc\u00e8s illimit\u00e9 aux terrains. pour cela rien de plus simple : REPLISSEZ CE FORMULAIRE&nbsp; Dossier inscription2021-2022 la cotisation annuel est de 50\u20ac et seule les billes seront a votre charge : 35\u20ac le carton de 2000 billes&nbsp; option : licence f\u00e9d\u00e9ration 25\u20ac&nbsp; qui&hellip; <a href=\"https:\/\/www.paintball-bretagne.com\/index.php\/devenir-membre\/\">Read more &rarr;<\/a><\/p>\n","protected":false},"author":3,"featured_media":0,"parent":0,"menu_order":0,"comment_status":"closed","ping_status":"closed","template":"","meta":{"ngg_post_thumbnail":0,"footnotes":""},"class_list":["post-337","page","type-page","status-publish","hentry","xfolkentry"],"_links":{"self":[{"href":"https:\/\/www.paintball-bretagne.com\/index.php\/wp-json\/wp\/v2\/pages\/337","targetHints":{"allow":["GET"]}}],"collection":[{"href":"https:\/\/www.paintball-bretagne.com\/index.php\/wp-json\/wp\/v2\/pages"}],"about":[{"href":"https:\/\/www.paintball-bretagne.com\/index.php\/wp-json\/wp\/v2\/types\/page"}],"author":[{"embeddable":true,"href":"https:\/\/www.paintball-bretagne.com\/index.php\/wp-json\/wp\/v2\/users\/3"}],"replies":[{"embeddable":true,"href":"https:\/\/www.paintball-bretagne.com\/index.php\/wp-json\/wp\/v2\/comments?post=337"}],"version-history":[{"count":11,"href":"https:\/\/www.paintball-bretagne.com\/index.php\/wp-json\/wp\/v2\/pages\/337\/revisions"}],"predecessor-version":[{"id":2670,"href":"https:\/\/www.paintball-bretagne.com\/index.php\/wp-json\/wp\/v2\/pages\/337\/revisions\/2670"}],"wp:attachment":[{"href":"https:\/\/www.paintball-bretagne.com\/index.php\/wp-json\/wp\/v2\/media?parent=337"}],"curies":[{"name":"wp","href":"https:\/\/api.w.org\/{rel}","templated":true}]}}