{"id":110,"date":"2018-11-27T12:04:26","date_gmt":"2018-11-27T11:04:26","guid":{"rendered":"http:\/\/www.paintball-bretagne.com\/?page_id=110"},"modified":"2019-07-18T19:21:51","modified_gmt":"2019-07-18T17:21:51","slug":"lassociation-terrain","status":"publish","type":"page","link":"https:\/\/www.paintball-bretagne.com\/index.php\/lassociation-terrain\/","title":{"rendered":"L&rsquo;association\/terrain"},"content":{"rendered":"<p>Cr\u00e9\u00e9e en 2014 , l\u2019association Paintball Louargat \u00e0 pour but, la d\u00e9couverte du Paintball loisir et comp\u00e9tition pour tous \u00e0 des tarifs les plus bas possible.<\/p>\n<p>Il se pratique sous trois forme distinct : le loisir entre amis coll\u00e8gues ou en famille. Le paintball milsim ou sc\u00e9nario qui s&rsquo;approche du r\u00e9alisme ou des jeux vid\u00e9os. Puis le paintball sportif qui se joue sur des terrains sym\u00e9triques en obstacle gonflables.<\/p>\n<p>&nbsp;<\/p>\n<p>Nous disposons sur place de trois terrain style diff\u00e9rent :&nbsp;<\/p>\n<ul>\n<li>-un village avec un petit ch\u00e2teau fort&nbsp;<\/li>\n<li>-un terrain de tranch\u00e9 avec pont centrale pour diff\u00e9rent sc\u00e9nario<\/li>\n<li>-un speed bois bas\u00e9 sur les terrain de comp\u00e9tition pour des jeux type comp\u00e9tition speedball&nbsp;<\/li>\n<\/ul>\n<p>nous avons \u00e9galement une zone accueil couverte avec table, un toilette s\u00e8che et un barbecue&nbsp;<img loading=\"lazy\" decoding=\"async\" class=\"alignnone size-medium wp-image-327\" src=\"https:\/\/www.paintball-bretagne.com\/wp-content\/uploads\/2019\/06\/DSCN2269-300x225.jpg\" alt=\"\" width=\"300\" height=\"225\" srcset=\"https:\/\/www.paintball-bretagne.com\/wp-content\/uploads\/2019\/06\/DSCN2269-300x225.jpg 300w, https:\/\/www.paintball-bretagne.com\/wp-content\/uploads\/2019\/06\/DSCN2269-600x450.jpg 600w, https:\/\/www.paintball-bretagne.com\/wp-content\/uploads\/2019\/06\/DSCN2269-768x576.jpg 768w, https:\/\/www.paintball-bretagne.com\/wp-content\/uploads\/2019\/06\/DSCN2269-1024x768.jpg 1024w\" sizes=\"auto, (max-width: 300px) 100vw, 300px\" \/>&nbsp;<img loading=\"lazy\" decoding=\"async\" class=\"alignnone size-medium wp-image-328\" src=\"https:\/\/www.paintball-bretagne.com\/wp-content\/uploads\/2019\/06\/DSCN2268-300x225.jpg\" alt=\"\" width=\"300\" height=\"225\" srcset=\"https:\/\/www.paintball-bretagne.com\/wp-content\/uploads\/2019\/06\/DSCN2268-300x225.jpg 300w, https:\/\/www.paintball-bretagne.com\/wp-content\/uploads\/2019\/06\/DSCN2268-600x450.jpg 600w, https:\/\/www.paintball-bretagne.com\/wp-content\/uploads\/2019\/06\/DSCN2268-768x576.jpg 768w, https:\/\/www.paintball-bretagne.com\/wp-content\/uploads\/2019\/06\/DSCN2268-1024x768.jpg 1024w\" sizes=\"auto, (max-width: 300px) 100vw, 300px\" \/>&nbsp;<\/p>\n<p>1er terrain : village avec ch\u00e2teau&nbsp;fort&nbsp;<\/p>\n<p><img loading=\"lazy\" decoding=\"async\" class=\"alignnone size-medium wp-image-365\" src=\"https:\/\/www.paintball-bretagne.com\/wp-content\/uploads\/2019\/07\/59356707_1249593851882756_4018906074026344448_o-300x225.jpg\" alt=\"\" width=\"300\" height=\"225\" srcset=\"https:\/\/www.paintball-bretagne.com\/wp-content\/uploads\/2019\/07\/59356707_1249593851882756_4018906074026344448_o-300x225.jpg 300w, https:\/\/www.paintball-bretagne.com\/wp-content\/uploads\/2019\/07\/59356707_1249593851882756_4018906074026344448_o-600x450.jpg 600w, https:\/\/www.paintball-bretagne.com\/wp-content\/uploads\/2019\/07\/59356707_1249593851882756_4018906074026344448_o-768x576.jpg 768w, https:\/\/www.paintball-bretagne.com\/wp-content\/uploads\/2019\/07\/59356707_1249593851882756_4018906074026344448_o-1024x768.jpg 1024w, https:\/\/www.paintball-bretagne.com\/wp-content\/uploads\/2019\/07\/59356707_1249593851882756_4018906074026344448_o.jpg 1440w\" sizes=\"auto, (max-width: 300px) 100vw, 300px\" \/><img loading=\"lazy\" decoding=\"async\" class=\"alignnone size-medium wp-image-369\" src=\"https:\/\/www.paintball-bretagne.com\/wp-content\/uploads\/2019\/07\/DSCN0001-1-300x225.jpg\" alt=\"\" width=\"300\" height=\"225\" srcset=\"https:\/\/www.paintball-bretagne.com\/wp-content\/uploads\/2019\/07\/DSCN0001-1-300x225.jpg 300w, https:\/\/www.paintball-bretagne.com\/wp-content\/uploads\/2019\/07\/DSCN0001-1-600x450.jpg 600w, https:\/\/www.paintball-bretagne.com\/wp-content\/uploads\/2019\/07\/DSCN0001-1-768x576.jpg 768w, https:\/\/www.paintball-bretagne.com\/wp-content\/uploads\/2019\/07\/DSCN0001-1-1024x768.jpg 1024w\" sizes=\"auto, (max-width: 300px) 100vw, 300px\" \/><\/p>\n<p>2eme terrain : les tranch\u00e9es avec pont central<\/p>\n<p><img loading=\"lazy\" decoding=\"async\" class=\"alignnone size-medium wp-image-368\" src=\"https:\/\/www.paintball-bretagne.com\/wp-content\/uploads\/2019\/07\/DSCN0001-300x225.jpg\" alt=\"\" width=\"300\" height=\"225\" srcset=\"https:\/\/www.paintball-bretagne.com\/wp-content\/uploads\/2019\/07\/DSCN0001-300x225.jpg 300w, https:\/\/www.paintball-bretagne.com\/wp-content\/uploads\/2019\/07\/DSCN0001-600x450.jpg 600w, https:\/\/www.paintball-bretagne.com\/wp-content\/uploads\/2019\/07\/DSCN0001-768x576.jpg 768w, https:\/\/www.paintball-bretagne.com\/wp-content\/uploads\/2019\/07\/DSCN0001-1024x768.jpg 1024w\" sizes=\"auto, (max-width: 300px) 100vw, 300px\" \/><img loading=\"lazy\" decoding=\"async\" class=\"alignnone size-medium wp-image-370\" src=\"https:\/\/www.paintball-bretagne.com\/wp-content\/uploads\/2019\/07\/DSCN0001-2-300x225.jpg\" alt=\"\" width=\"300\" height=\"225\" srcset=\"https:\/\/www.paintball-bretagne.com\/wp-content\/uploads\/2019\/07\/DSCN0001-2-300x225.jpg 300w, https:\/\/www.paintball-bretagne.com\/wp-content\/uploads\/2019\/07\/DSCN0001-2-600x450.jpg 600w, https:\/\/www.paintball-bretagne.com\/wp-content\/uploads\/2019\/07\/DSCN0001-2-768x576.jpg 768w, https:\/\/www.paintball-bretagne.com\/wp-content\/uploads\/2019\/07\/DSCN0001-2-1024x768.jpg 1024w\" sizes=\"auto, (max-width: 300px) 100vw, 300px\" \/><\/p>\n","protected":false},"excerpt":{"rendered":"<p class=\"excerpt\">Cr\u00e9\u00e9e en 2014 , l\u2019association Paintball Louargat \u00e0 pour but, la d\u00e9couverte du Paintball loisir et comp\u00e9tition pour tous \u00e0 des tarifs les plus bas possible. Il se pratique sous trois forme distinct : le loisir entre amis coll\u00e8gues ou en famille. Le paintball milsim ou sc\u00e9nario qui s&rsquo;approche du r\u00e9alisme ou des jeux vid\u00e9os. Puis le paintball sportif qui&hellip; <a href=\"https:\/\/www.paintball-bretagne.com\/index.php\/lassociation-terrain\/\">Read more &rarr;<\/a><\/p>\n","protected":false},"author":3,"featured_media":0,"parent":0,"menu_order":0,"comment_status":"closed","ping_status":"closed","template":"","meta":{"ngg_post_thumbnail":0,"footnotes":""},"class_list":["post-110","page","type-page","status-publish","hentry","xfolkentry"],"_links":{"self":[{"href":"https:\/\/www.paintball-bretagne.com\/index.php\/wp-json\/wp\/v2\/pages\/110","targetHints":{"allow":["GET"]}}],"collection":[{"href":"https:\/\/www.paintball-bretagne.com\/index.php\/wp-json\/wp\/v2\/pages"}],"about":[{"href":"https:\/\/www.paintball-bretagne.com\/index.php\/wp-json\/wp\/v2\/types\/page"}],"author":[{"embeddable":true,"href":"https:\/\/www.paintball-bretagne.com\/index.php\/wp-json\/wp\/v2\/users\/3"}],"replies":[{"embeddable":true,"href":"https:\/\/www.paintball-bretagne.com\/index.php\/wp-json\/wp\/v2\/comments?post=110"}],"version-history":[{"count":7,"href":"https:\/\/www.paintball-bretagne.com\/index.php\/wp-json\/wp\/v2\/pages\/110\/revisions"}],"predecessor-version":[{"id":372,"href":"https:\/\/www.paintball-bretagne.com\/index.php\/wp-json\/wp\/v2\/pages\/110\/revisions\/372"}],"wp:attachment":[{"href":"https:\/\/www.paintball-bretagne.com\/index.php\/wp-json\/wp\/v2\/media?parent=110"}],"curies":[{"name":"wp","href":"https:\/\/api.w.org\/{rel}","templated":true}]}}